{"id":829,"date":"2025-10-17T14:03:40","date_gmt":"2025-10-17T14:03:40","guid":{"rendered":"https:\/\/pulse-and-patterns.in-testing.co.uk\/work-with-us\/"},"modified":"2026-02-18T14:19:02","modified_gmt":"2026-02-18T14:19:02","slug":"work-with-us","status":"publish","type":"page","link":"https:\/\/pulsepatterns.com\/de\/work-with-us\/","title":{"rendered":"Work with us"},"content":{"rendered":"\n<!-- Our front-end template -->\n<section\n    id=\"hero-text-image-block_a4cbe7710282e8f028fee7ce43fdd960\" \n    class=\"hero-text-image   enlarge-copy\"\n>\n    <div class=\"site-container\">\n    <nav class=\"breadcrumbs\" aria-label=\"Breadcrumb\" itemscope itemtype=\"https:\/\/schema.org\/BreadcrumbList\"><span class=\"breadcrumb-item\" itemprop=\"itemListElement\" itemscope itemtype=\"https:\/\/schema.org\/ListItem\"><a href=\"https:\/\/pulsepatterns.com\/de\/\" class=\"breadcrumb-link\" itemprop=\"item\"><span itemprop=\"name\">Home<\/span><\/a><meta itemprop=\"position\" content=\"1\" \/><\/span><\/nav>\n            <div class=\"intro\" data-aos=\"fade-in\">\n                <h1 data-aos=\"fade-in\">Work with us<\/h1>\n                            <\/div>\n\n            <div class=\"content\">\n                <div class=\"content-text\">\n                                            <div class=\"intro-text\" data-aos=\"fade-in\">\n                            <p>Wir suchen keine Mitarbeitenden,<br \/>\nsondern Mitgestaltende.<\/p>\n                        <\/div>\n                                                                <div class=\"copy-text enlarge-copy\" data-aos=\"fade-in\">\n                            <p>Bei Pulse and Patterns wird jeder dazu ermutigt, einen Beitrag zu leisten und unsere Reise mitzugestalten. Wir haben eine klare Vision, aber jedes Teammitglied spielt eine aktive Rolle dabei, diese zum Leben zu erwecken. Wenn du dich in einem Beratungsumfeld wohlf\u00fchlst und Unternehmergeist, Teamarbeit und gemeinsame Kreativit\u00e4t sch\u00e4tzt, wirst du dich hier wie zu Hause f\u00fchlen.<\/p>\n                        <\/div>\n                                    <\/div>\n                                    <figure class=\"content-image\" data-aos=\"fade-in\">\n                        <img decoding=\"async\" src=\"https:\/\/pulsepatterns.com\/wp-content\/uploads\/2025\/10\/Mask-Group-6-2.png\" alt=\"\">                                            <\/figure>\n                            <\/div>\n    <\/div>\n<\/section>\n\n\n<!-- Our front-end template -->\n<section\n    id=\"accordion-alternative-block_28161b6b77a07f94b3c3b53b3ac316d6\" \n    class=\"accordion-alternative  \"\n>\n    <div class=\"site-container\">\n                    <div class=\"intro\">\n                                    <h2 class=\"title\">Arbeiten bei Pulse and Patterns<\/h2>\n                                                    <div class=\"copy\"><p>Wir legen Wert auf unkonventionelles Denken und gleichberechtigte Zusammenarbeit, ohne Mikromanagement und ohne distanzierte F\u00fchrung. Du \u00fcbernimmst vom ersten Tag an Verantwortung und hast die Freiheit, du selbst zu sein und etwas zu bewegen.<\/p>\n<p>Vertrauen ist unser Antrieb, Ergebnisse und Ambition sind wichtig, aber wie du diese erzielst, bleibt dir \u00fcberlassen.<\/p>\n<\/div>\n                            <\/div>\n                        <div class=\"accordion-container\">\n                                    <div class=\"accordion-single\" >\n                        <div class=\"accordion-header\">\n                            <button \n                                id=\"accordion-alternative-block_28161b6b77a07f94b3c3b53b3ac316d6-accordion-0-button\"\n                                class=\"accordion-trigger\"\n                                aria-expanded=\"false\"\n                                aria-controls=\"accordion-alternative-block_28161b6b77a07f94b3c3b53b3ac316d6-accordion-0-panel\"\n                                type=\"button\"\n                            >\n                               \n                                <h3 class=\"accordion-title\">Standort &amp; Flexibilit\u00e4t: Arbeite auf deine Weise<\/h3>\n                            \n                                <svg xmlns=\"http:\/\/www.w3.org\/2000\/svg\" width=\"25\" height=\"16.16\" viewBox=\"0 0 25 16.16\">\n                                <g id=\"Group_5005\" data-name=\"Group 5005\" transform=\"translate(25) rotate(90)\">\n                                    <path id=\"Path_8\" data-name=\"Path 8\" d=\"M.258,0l8.5,12.341L0,25H8.278L16.16,13.123V11.437L8.525,0Z\"\/>\n                                <\/g>\n                                <\/svg>\n\n                            <\/button>\n                        <\/div>\n                        <div \n                            id=\"accordion-alternative-block_28161b6b77a07f94b3c3b53b3ac316d6-accordion-0-panel\"\n                            class=\"accordion-panel\"\n                            role=\"region\"\n                            aria-labelledby=\"accordion-alternative-block_28161b6b77a07f94b3c3b53b3ac316d6-accordion-0-button\"\n                            aria-hidden=\"true\"\n                        >\n                            <div class=\"accordion-content\">\n                                <div class=\"accordion-image\">                                     <span class=\"accordion-image\" aria-hidden=\"true\">\n                                        <img decoding=\"async\" src=\"https:\/\/pulsepatterns.com\/wp-content\/uploads\/2025\/10\/Mask-Group-11.png\" alt=\"\" loading=\"lazy\">                                    <\/span>\n                                <\/div>\n                                <div class=\"accordion-text\">\n                                                                        \n                                                                            <div class=\"accordion-copy\">\n                                            <p>Flexibilit\u00e4t ist nicht nur ein &#8222;perk&#8220; &#8211; sie ist Teil unserer Arbeitsweise. Unser Remote-First-Ansatz bedeutet, dass du von zu Hause, einem Caf\u00e9, einem anderen Land oder einem Coworking Space aus arbeiten kannst. Wir legen mehr Wert auf Ergebnisse als auf die Einhaltung von Arbeitszeiten und respektieren deine pers\u00f6nliche Zeit. Unsere Mitarbeitende k\u00f6nnen ihre Arbeitszeiten flexibel gestalten und bringen gleichzeitig die Bed\u00fcrfnisse der Kunden und die Anforderungen der Projekte in Einklang.<\/p>\n<p>Durch die Kombination von Flexibilit\u00e4t und Innovation mit KI-gest\u00fctzten Tools machen wir es dir leichter, deine beste Arbeit zu erbringen, egal wo du dich befindest. Dieser Ansatz sorgt daf\u00fcr, dass unsere Teams in einem modernen und integrativen Arbeitsumfeld gesund, produktiv und leistungsf\u00e4hig bleiben.<\/p>\n                                        <\/div>\n                                                                        \n                                                                    <\/div>\n                            <\/div>\n                        <\/div>\n                    <\/div>\n                                    <div class=\"accordion-single\" >\n                        <div class=\"accordion-header\">\n                            <button \n                                id=\"accordion-alternative-block_28161b6b77a07f94b3c3b53b3ac316d6-accordion-1-button\"\n                                class=\"accordion-trigger\"\n                                aria-expanded=\"false\"\n                                aria-controls=\"accordion-alternative-block_28161b6b77a07f94b3c3b53b3ac316d6-accordion-1-panel\"\n                                type=\"button\"\n                            >\n                               \n                                <h3 class=\"accordion-title\">Wachstum und Wirkung: Deine Reise<\/h3>\n                            \n                                <svg xmlns=\"http:\/\/www.w3.org\/2000\/svg\" width=\"25\" height=\"16.16\" viewBox=\"0 0 25 16.16\">\n                                <g id=\"Group_5005\" data-name=\"Group 5005\" transform=\"translate(25) rotate(90)\">\n                                    <path id=\"Path_8\" data-name=\"Path 8\" d=\"M.258,0l8.5,12.341L0,25H8.278L16.16,13.123V11.437L8.525,0Z\"\/>\n                                <\/g>\n                                <\/svg>\n\n                            <\/button>\n                        <\/div>\n                        <div \n                            id=\"accordion-alternative-block_28161b6b77a07f94b3c3b53b3ac316d6-accordion-1-panel\"\n                            class=\"accordion-panel\"\n                            role=\"region\"\n                            aria-labelledby=\"accordion-alternative-block_28161b6b77a07f94b3c3b53b3ac316d6-accordion-1-button\"\n                            aria-hidden=\"true\"\n                        >\n                            <div class=\"accordion-content\">\n                                <div class=\"accordion-image\">                                     <span class=\"accordion-image\" aria-hidden=\"true\">\n                                        <img decoding=\"async\" src=\"https:\/\/pulsepatterns.com\/wp-content\/uploads\/2025\/10\/redd-francisco-5U_28ojjgms-unsplash-scaled.jpg\" alt=\"\" loading=\"lazy\">                                    <\/span>\n                                <\/div>\n                                <div class=\"accordion-text\">\n                                                                        \n                                                                            <div class=\"accordion-copy\">\n                                            <p>Deine pers\u00f6nliche und berufliche Weiterentwicklung ist uns wichtig. Wir stellen dir ein dediziertes Schulungsbudget zur Verf\u00fcgung, um deine ServiceNow-Kenntnisse zu vertiefen, und unterst\u00fctzen kontinuierliches Lernen durch praktische Projekte, Veranstaltungen, Peer-Mentoring und Wissensaustausch innerhalb des Teams.<\/p>\n<p>Vom ersten Tag an wird dir echte Verantwortung \u00fcbertragen, unabh\u00e4ngig von deiner (Vor-)Erfahrung. Du bringst Ideen ein, triffst Entscheidungen und gestaltest unser ServiceNow-Gesch\u00e4ft von der Strategie bis zur Umsetzung mit. Wenn du bereit bist, Verantwortung zu \u00fcbernehmen, schnell zu lernen und mit einem Team zu wachsen, das dich als Person sch\u00e4tzt, dann ist Pulse &amp; Patterns der richtige Ort f\u00fcr dich.<\/p>\n                                        <\/div>\n                                                                        \n                                                                    <\/div>\n                            <\/div>\n                        <\/div>\n                    <\/div>\n                                    <div class=\"accordion-single\" >\n                        <div class=\"accordion-header\">\n                            <button \n                                id=\"accordion-alternative-block_28161b6b77a07f94b3c3b53b3ac316d6-accordion-2-button\"\n                                class=\"accordion-trigger\"\n                                aria-expanded=\"false\"\n                                aria-controls=\"accordion-alternative-block_28161b6b77a07f94b3c3b53b3ac316d6-accordion-2-panel\"\n                                type=\"button\"\n                            >\n                               \n                                <h3 class=\"accordion-title\">Flache Strukturen &amp; Selbstst\u00e4ndigkeit<\/h3>\n                            \n                                <svg xmlns=\"http:\/\/www.w3.org\/2000\/svg\" width=\"25\" height=\"16.16\" viewBox=\"0 0 25 16.16\">\n                                <g id=\"Group_5005\" data-name=\"Group 5005\" transform=\"translate(25) rotate(90)\">\n                                    <path id=\"Path_8\" data-name=\"Path 8\" d=\"M.258,0l8.5,12.341L0,25H8.278L16.16,13.123V11.437L8.525,0Z\"\/>\n                                <\/g>\n                                <\/svg>\n\n                            <\/button>\n                        <\/div>\n                        <div \n                            id=\"accordion-alternative-block_28161b6b77a07f94b3c3b53b3ac316d6-accordion-2-panel\"\n                            class=\"accordion-panel\"\n                            role=\"region\"\n                            aria-labelledby=\"accordion-alternative-block_28161b6b77a07f94b3c3b53b3ac316d6-accordion-2-button\"\n                            aria-hidden=\"true\"\n                        >\n                            <div class=\"accordion-content\">\n                                <div class=\"accordion-image\">                                     <span class=\"accordion-image\" aria-hidden=\"true\">\n                                        <img decoding=\"async\" src=\"https:\/\/pulsepatterns.com\/wp-content\/uploads\/2025\/10\/brooke-cagle-g1Kr4Ozfoac-unsplash-scaled.jpg\" alt=\"\" loading=\"lazy\">                                    <\/span>\n                                <\/div>\n                                <div class=\"accordion-text\">\n                                                                        \n                                                                            <div class=\"accordion-copy\">\n                                            <p>Hierarchien bremsen uns nicht aus. Jeder arbeitet eng mit den Gr\u00fcndern zusammen, und gro\u00dfartige Ideen k\u00f6nnen von jedem kommen, egal ob von einem Werkstudenten oder einem erfahrenen Teammitglied. Feedback flie\u00dft nat\u00fcrlich und kontinuierlich, nicht nur in formellen Einzelgespr\u00e4chen, was schnelle Entscheidungen und echte Zusammenarbeit erm\u00f6glicht.<\/p>\n<p>Ehrlichkeit und Transparenz bestimmen unsere Zusammenarbeit: Wir teilen Feedback offen, lernen aus Fehlern und wachsen als Team, das Eigenverantwortung und selbstst\u00e4ndiges Arbeiten sch\u00e4tzt.<\/p>\n                                        <\/div>\n                                                                        \n                                                                    <\/div>\n                            <\/div>\n                        <\/div>\n                    <\/div>\n                            <\/div>\n            <\/div>\n<\/section>\n\n\n<!-- Our front-end template -->\n<section\n    id=\"benefits-block_6d998093118d0906b213f0def02dc8fe\" \n    class=\"benefits  gray\"\n>\n    <div class=\"site-container\">\n                    <div class=\"intro  \" data-aos=\"fade-in\">\n                                    <h2>Unser Bewerbungsprozess<\/h2>\n                                                    <div class=\"copy\"><p>Wir m\u00f6chten einen Arbeitsplatz schaffen, an dem Menschen Zeit mit Menschen verbringen, die ihnen wichtig sind. Und dabei Dinge tun, f\u00fcr die sie sich wirklich begeistern. Bei unserem Auswahlverfahren geht es nicht nur um F\u00e4higkeiten, sondern darum, wer du wirklich bist und ob du viel Zeit mit uns verbringen m\u00f6chten. Und das nicht nur f\u00fcr eine weitere Erfahrung in deinem Lebenslauf. Deshalb nehmen wir uns Zeit, um uns gegenseitig kennenzulernen.<\/p>\n<\/div>\n                            <\/div>\n                            <div class=\"benefits-grid \">\n                                    <div class=\"benefit-item\" data-aos=\"fade-up\" data-aos-delay=\"0\">\n                                                    <figure class=\"benefit-icon\">\n                                <img decoding=\"async\" src=\"https:\/\/pulsepatterns.com\/wp-content\/uploads\/2025\/10\/Pulse_Patterns_HR-Interview_Red.svg\" alt=\"\" loading=\"lazy\">                            <\/figure>\n                                                <div class=\"benefit-content\">\n                                                            <h3>HR Interview<\/h3>\n                                                                                        <div><p>Wir lernen dich und deine Motivation kennen und sehen, inwieweit deine Werte mit unseren \u00fcbereinstimmen.<\/p>\n<\/div>\n                                                                                <\/div>\n                    <\/div>\n                                    <div class=\"benefit-item\" data-aos=\"fade-up\" data-aos-delay=\"100\">\n                                                    <figure class=\"benefit-icon\">\n                                <img decoding=\"async\" src=\"https:\/\/pulsepatterns.com\/wp-content\/uploads\/2025\/10\/Pulse_Patterns_Meet-the-Founders_Red.svg\" alt=\"\" loading=\"lazy\">                            <\/figure>\n                                                <div class=\"benefit-content\">\n                                                            <h3>Treffe die Gr\u00fcnder<\/h3>\n                                                                                        <div><p>Ein Gespr\u00e4ch, um unsere Vision und Kultur zu verstehen und zu erfahren, wie du etwas bewirken k\u00f6nnest.<\/p>\n<\/div>\n                                                                                <\/div>\n                    <\/div>\n                                    <div class=\"benefit-item\" data-aos=\"fade-up\" data-aos-delay=\"200\">\n                                                    <figure class=\"benefit-icon\">\n                                <img decoding=\"async\" src=\"https:\/\/pulsepatterns.com\/wp-content\/uploads\/2025\/10\/Pulse_Patterns_Technical-Interview_Red.svg\" alt=\"\" loading=\"lazy\">                            <\/figure>\n                                                <div class=\"benefit-content\">\n                                                            <h3>Technisches Interview<\/h3>\n                                                                                        <div><p>Wir pr\u00fcfen deine F\u00e4higkeiten, deine Herangehensweise und L\u00f6sungsans\u00e4tze und wie du mit realen Herausforderungen umgehst.<\/p>\n<\/div>\n                                                                                <\/div>\n                    <\/div>\n                                    <div class=\"benefit-item\" data-aos=\"fade-up\" data-aos-delay=\"300\">\n                                                    <figure class=\"benefit-icon\">\n                                <img decoding=\"async\" src=\"https:\/\/pulsepatterns.com\/wp-content\/uploads\/2025\/10\/Pulse_Patterns_Meet-the-Team_Red.svg\" alt=\"\" loading=\"lazy\">                            <\/figure>\n                                                <div class=\"benefit-content\">\n                                                            <h3>Treffe das Team<\/h3>\n                                                                                        <div><p>Treffe zuk\u00fcnftige Kollegen, lerne\u00a0 unsere Arbeitsweise kennen und finde heraus, wie du dich in den Arbeitsalltag einf\u00fcgen w\u00fcrdest.<\/p>\n<\/div>\n                                                                                <\/div>\n                    <\/div>\n                            <\/div>\n            <\/div>\n<\/section>\n\n\n<!-- Our front-end template -->\n<section\n    id=\"cta-banner-block_c7f7529c3f362116024073bd0c203b22\" \n    class=\"cta-banner  orange no-image\"\n>\n    <div class=\"site-container\">\n        <div class=\"content-container\">\n                            <div class=\"icon\"  >\n                    <svg xmlns=\"http:\/\/www.w3.org\/2000\/svg\" width=\"85\" height=\"51.695\" viewBox=\"0 0 85 51.695\">\n                    <g id=\"Group_5078\" data-name=\"Group 5078\" transform=\"translate(0)\">\n                        <path id=\"Path_4776\" data-name=\"Path 4776\" d=\"M1.751,0,26.878,25.282,0,51.7H18.524L40.643,29V21.268L20.011,0Z\" transform=\"translate(0 0)\" fill=\"#FFF\"\/>\n                        <path id=\"Path_4777\" data-name=\"Path 4777\" d=\"M80.695,0,60.062,21.268V29L82.182,51.7h18.523L73.827,25.282,98.954,0Z\" transform=\"translate(-15.706 0)\" fill=\"#FFF\"\/>\n                    <\/g>\n                    <\/svg>\n\n                <\/div>\n                        <div class=\"content-inner\">\n                                    <span class=\"h2\" >Offene Stellen \u2013 Finde Deinen Platz<\/span>\n                                <div class=\"content-inner--bottom  no-image \"  >\n                    <div class=\"copy\"><p>Gemeinsam gestalten wir nicht nur die Zukunft unserer Kunden, sondern auch unser eigenes Wachstum &#8211; und wir freuen uns darauf, Menschen willkommen zu hei\u00dfen, die uns auf diesem Weg begleiten m\u00f6chten.<\/p>\n<\/div>\n                                            <a class=\"btn-arrows\" href=\"https:\/\/www.linkedin.com\/company\/pulsepatterns\/jobs\" target=\"\"><span>Open Positions<\/span><\/a>\n                                    <\/div>\n            <\/div>\n        <\/div>\n            <\/div>\n<\/section>","protected":false},"excerpt":{"rendered":"","protected":false},"author":1,"featured_media":0,"parent":0,"menu_order":0,"comment_status":"closed","ping_status":"closed","template":"","meta":{"_acf_changed":false,"ghostkit_customizer_options":"","ghostkit_custom_css":"","ghostkit_custom_js_head":"","ghostkit_custom_js_foot":"","ghostkit_typography":"","footnotes":""},"class_list":["post-829","page","type-page","status-publish","hentry"],"acf":[],"yoast_head":"<!-- This site is optimized with the Yoast SEO plugin v26.1.1 - https:\/\/yoast.com\/wordpress\/plugins\/seo\/ -->\n<title>Work with us - Pulse &amp; Patterns<\/title>\n<meta name=\"robots\" content=\"index, follow, max-snippet:-1, max-image-preview:large, max-video-preview:-1\" \/>\n<link rel=\"canonical\" href=\"https:\/\/pulsepatterns.com\/de\/work-with-us\/\" \/>\n<meta property=\"og:locale\" content=\"de_DE\" \/>\n<meta property=\"og:type\" content=\"article\" \/>\n<meta property=\"og:title\" content=\"Work with us - Pulse &amp; Patterns\" \/>\n<meta property=\"og:url\" content=\"https:\/\/pulsepatterns.com\/de\/work-with-us\/\" \/>\n<meta property=\"og:site_name\" content=\"Pulse &amp; Patterns\" \/>\n<meta property=\"article:modified_time\" content=\"2026-02-18T14:19:02+00:00\" \/>\n<meta name=\"twitter:card\" content=\"summary_large_image\" \/>\n<meta name=\"twitter:label1\" content=\"Gesch\u00e4tzte Lesezeit\" \/>\n\t<meta name=\"twitter:data1\" content=\"5\u00a0Minuten\" \/>\n<script type=\"application\/ld+json\" class=\"yoast-schema-graph\">{\"@context\":\"https:\/\/schema.org\",\"@graph\":[{\"@type\":\"WebPage\",\"@id\":\"https:\/\/pulsepatterns.com\/de\/work-with-us\/\",\"url\":\"https:\/\/pulsepatterns.com\/de\/work-with-us\/\",\"name\":\"Work with us - Pulse &amp; Patterns\",\"isPartOf\":{\"@id\":\"https:\/\/pulsepatterns.com\/de\/#website\"},\"datePublished\":\"2025-10-17T14:03:40+00:00\",\"dateModified\":\"2026-02-18T14:19:02+00:00\",\"breadcrumb\":{\"@id\":\"https:\/\/pulsepatterns.com\/de\/work-with-us\/#breadcrumb\"},\"inLanguage\":\"de\",\"potentialAction\":[{\"@type\":\"ReadAction\",\"target\":[\"https:\/\/pulsepatterns.com\/de\/work-with-us\/\"]}]},{\"@type\":\"BreadcrumbList\",\"@id\":\"https:\/\/pulsepatterns.com\/de\/work-with-us\/#breadcrumb\",\"itemListElement\":[{\"@type\":\"ListItem\",\"position\":1,\"name\":\"Home\",\"item\":\"https:\/\/pulsepatterns.com\/de\/\"},{\"@type\":\"ListItem\",\"position\":2,\"name\":\"Work with us\"}]},{\"@type\":\"WebSite\",\"@id\":\"https:\/\/pulsepatterns.com\/de\/#website\",\"url\":\"https:\/\/pulsepatterns.com\/de\/\",\"name\":\"Pulse &amp; Patterns\",\"description\":\"\",\"potentialAction\":[{\"@type\":\"SearchAction\",\"target\":{\"@type\":\"EntryPoint\",\"urlTemplate\":\"https:\/\/pulsepatterns.com\/de\/?s={search_term_string}\"},\"query-input\":{\"@type\":\"PropertyValueSpecification\",\"valueRequired\":true,\"valueName\":\"search_term_string\"}}],\"inLanguage\":\"de\"}]}<\/script>\n<!-- \/ Yoast SEO plugin. -->","yoast_head_json":{"title":"Work with us - Pulse &amp; Patterns","robots":{"index":"index","follow":"follow","max-snippet":"max-snippet:-1","max-image-preview":"max-image-preview:large","max-video-preview":"max-video-preview:-1"},"canonical":"https:\/\/pulsepatterns.com\/de\/work-with-us\/","og_locale":"de_DE","og_type":"article","og_title":"Work with us - Pulse &amp; Patterns","og_url":"https:\/\/pulsepatterns.com\/de\/work-with-us\/","og_site_name":"Pulse &amp; Patterns","article_modified_time":"2026-02-18T14:19:02+00:00","twitter_card":"summary_large_image","twitter_misc":{"Gesch\u00e4tzte Lesezeit":"5\u00a0Minuten"},"schema":{"@context":"https:\/\/schema.org","@graph":[{"@type":"WebPage","@id":"https:\/\/pulsepatterns.com\/de\/work-with-us\/","url":"https:\/\/pulsepatterns.com\/de\/work-with-us\/","name":"Work with us - Pulse &amp; Patterns","isPartOf":{"@id":"https:\/\/pulsepatterns.com\/de\/#website"},"datePublished":"2025-10-17T14:03:40+00:00","dateModified":"2026-02-18T14:19:02+00:00","breadcrumb":{"@id":"https:\/\/pulsepatterns.com\/de\/work-with-us\/#breadcrumb"},"inLanguage":"de","potentialAction":[{"@type":"ReadAction","target":["https:\/\/pulsepatterns.com\/de\/work-with-us\/"]}]},{"@type":"BreadcrumbList","@id":"https:\/\/pulsepatterns.com\/de\/work-with-us\/#breadcrumb","itemListElement":[{"@type":"ListItem","position":1,"name":"Home","item":"https:\/\/pulsepatterns.com\/de\/"},{"@type":"ListItem","position":2,"name":"Work with us"}]},{"@type":"WebSite","@id":"https:\/\/pulsepatterns.com\/de\/#website","url":"https:\/\/pulsepatterns.com\/de\/","name":"Pulse &amp; Patterns","description":"","potentialAction":[{"@type":"SearchAction","target":{"@type":"EntryPoint","urlTemplate":"https:\/\/pulsepatterns.com\/de\/?s={search_term_string}"},"query-input":{"@type":"PropertyValueSpecification","valueRequired":true,"valueName":"search_term_string"}}],"inLanguage":"de"}]}},"_links":{"self":[{"href":"https:\/\/pulsepatterns.com\/de\/wp-json\/wp\/v2\/pages\/829","targetHints":{"allow":["GET"]}}],"collection":[{"href":"https:\/\/pulsepatterns.com\/de\/wp-json\/wp\/v2\/pages"}],"about":[{"href":"https:\/\/pulsepatterns.com\/de\/wp-json\/wp\/v2\/types\/page"}],"author":[{"embeddable":true,"href":"https:\/\/pulsepatterns.com\/de\/wp-json\/wp\/v2\/users\/1"}],"replies":[{"embeddable":true,"href":"https:\/\/pulsepatterns.com\/de\/wp-json\/wp\/v2\/comments?post=829"}],"version-history":[{"count":7,"href":"https:\/\/pulsepatterns.com\/de\/wp-json\/wp\/v2\/pages\/829\/revisions"}],"predecessor-version":[{"id":1044,"href":"https:\/\/pulsepatterns.com\/de\/wp-json\/wp\/v2\/pages\/829\/revisions\/1044"}],"wp:attachment":[{"href":"https:\/\/pulsepatterns.com\/de\/wp-json\/wp\/v2\/media?parent=829"}],"curies":[{"name":"wp","href":"https:\/\/api.w.org\/{rel}","templated":true}]}}