{"id":807,"date":"2025-10-20T08:42:11","date_gmt":"2025-10-20T08:42:11","guid":{"rendered":"https:\/\/pulse-and-patterns.in-testing.co.uk\/?page_id=807"},"modified":"2025-11-08T19:03:18","modified_gmt":"2025-11-08T19:03:18","slug":"value-multiplied","status":"publish","type":"page","link":"https:\/\/pulsepatterns.com\/de\/value-multiplied\/","title":{"rendered":"Value Multiplied"},"content":{"rendered":"\n<!-- Our front-end template -->\n<section\n    id=\"value-multiplied-block_1262cf77fb41dd048e4b61d5e8effd52\" \n    class=\"value-multiplied  \"\n>\n    <div class=\"site-container\">\n    <nav class=\"breadcrumbs\" aria-label=\"Breadcrumb\" itemscope itemtype=\"https:\/\/schema.org\/BreadcrumbList\"><span class=\"breadcrumb-item\" itemprop=\"itemListElement\" itemscope itemtype=\"https:\/\/schema.org\/ListItem\"><a href=\"https:\/\/pulsepatterns.com\/de\/\" class=\"breadcrumb-link\" itemprop=\"item\"><span itemprop=\"name\">Home<\/span><\/a><meta itemprop=\"position\" content=\"1\" \/><\/span><\/nav>                    <h1 data-aos=\"fade-in\">Value Multiplied<\/h1>\n        \n                    <figure>\n                <img decoding=\"async\" src=\"https:\/\/pulsepatterns.com\/wp-content\/uploads\/2025\/10\/Mask-Group-6-3.jpg\" alt=\"\" class=\"hidden md:block\">                \n                                    <img decoding=\"async\" src=\"https:\/\/pulsepatterns.com\/wp-content\/uploads\/2025\/10\/Mask-Group-42-1.png\" alt=\"\" class=\"block md:hidden\">                                \n            <\/figure>\n        \n        <div class=\"text-content\">\n        <svg xmlns=\"http:\/\/www.w3.org\/2000\/svg\" width=\"543.155\" height=\"690.86\" viewBox=\"0 0 543.155 690.86\" class=\"bg-pattern\">\n        <path id=\"Path_4777\" data-name=\"Path 4777\" d=\"M327.484,0,603.217,284.23V387.572L307.607,690.86H60.062l359.2-352.99L83.472,0Z\" transform=\"translate(-60.062 0)\" fill=\"#fff\"\/>\n        <\/svg>\n\n\n                            <div class=\"intro\" data-aos=\"fade-in\">\n                    <p>KI er\u00f6ffnet Unternehmen neue M\u00f6glichkeiten, ihre Arbeitsweise, ihre Produkte und ihre Wertsch\u00f6pfung neu zu gestalten. Dennoch bleibt das unbegrenzte Potenzial der KI f\u00fcr viele ungenutzt.<\/p>\n<p><span style=\"color: #ff5f38;\">Das \u00e4ndert sich jetzt.<\/span><\/p>\n                <\/div>\n            \n                            <div class=\"copy-container\" data-aos=\"fade-in\">\n                    <div class=\"copy-wrapper\">\n                                                    <div class=\"copy\">\n                                <h3>Pulse and Patterns is a Value Multiplier.<\/h3>\n<p>Unserer Expertise in der Implementierung von ServiceNow CRM, CSM, Daten- und KI-Funktionen erm\u00f6glichen wir Unternehmen, ihre Effizienz schnell zu steigern, sich durch ihren Kundenservice zu differenzieren und mit operativer Exzellenz zu punkten.<\/p>\n                            <\/div>\n                                                \n                                                    <div class=\"two-cols-copy\" data-aos=\"fade-in\">\n                                <div class=\"copy-block\">\n                                    <p>Als erster &#8222;born-AI&#8220; Partner von ServiceNow profitieren wir von denselben fortschrittlichen Technologien, die wir bei unseren Kunden Implementierung.<\/p>\n<p>Dank Automatisierung agieren wir in KI-Geschwindigkeit. Das bedeutet, dass sowohl unsere Experten als auch unsere Modelle kontinuierlich mehr \u00fcber Ihr Unternehmen lernen, was die Effektivit\u00e4t und Wirkung noch verst\u00e4rkt.<\/p>\n<p>Dadurch wird das volle Potenzial von ServiceNow ausgesch\u00f6pft, fragmentierte Kundenprozesse werden in KI-gest\u00fctzte Kundenerlebnisse in gro\u00dfem Ma\u00dfstab umgewandelt und der Wert jeder Interaktion wird vervielfacht.<\/p>\n<p>Datenverf\u00fcgbarkeit vervielfacht erh\u00f6ht die Belastbarkeit der Modelle und vervielfachen das Vertrauen in diese. Unsere Ver\u00e4nderungsprogramme vervielfachen die Harmonie und Akzeptanz. Automatisierung vervielfacht die Geschwindigkeit und ein 360-Grad-Kundenservice vervielfacht den Kundenwert (CLV).<\/p>\n<p>Zusammen vervielfachen sie die Wettbewerbsf\u00e4higkeit, die Leistung und vor allem den Wert der Unternehmung.<\/p>\n                                <\/div>\n                            <\/div>\n                                            <\/div>\n                <\/div>\n            \n                            <div class=\"link\" data-aos=\"fade-in\">\n                    <a href=\"\/contact-us\/\" class=\" btn-arrows\">\n                        <span>Book a meeting<\/span>\n                    <\/a>\n                <\/div>\n                    <\/div>\n\n    <\/div>\n<\/section>\n\n\n<!-- Our front-end template -->\n<section\n    id=\"links-media-section-block_b0ee9fb35b020e10df348a648a6752d3\" \n    class=\"links-media-section  \"\n>\n    <div class=\"site-container\">\n               <div class=\"animation-container\">\n                            <div class=\"links-container blue-links\" data-speed=\"0.5\">\n                                            <a class=\"link\" href=\"\/core\" target=\"\">Core<\/a>\n                                            <a class=\"link\" href=\"\/crm\" target=\"\">CRM<\/a>\n                                            <a class=\"link\" href=\"\/AI\" target=\"\">AI<\/a>\n                                            <a class=\"link\" href=\"\/data\" target=\"\">Data<\/a>\n                                    <\/div>\n                                        <span class=\"h1 header\" data-speed=\"0.5\">Future-proof your future<\/span>\n                                        <figure data-speed=\"0.8\" >\n                                            <img decoding=\"async\" class=\"aspect-[410\/509]\" src=\"https:\/\/pulsepatterns.com\/wp-content\/uploads\/2025\/10\/mike-hindle-65oY1l4Wsqw-unsplash_RT-scaled.jpg\" alt=\"\">\n                                    <\/figure>\n                   <\/div>\n    <\/div>\n<\/section>","protected":false},"excerpt":{"rendered":"","protected":false},"author":2,"featured_media":0,"parent":0,"menu_order":0,"comment_status":"closed","ping_status":"closed","template":"","meta":{"_acf_changed":false,"ghostkit_customizer_options":"","ghostkit_custom_css":"","ghostkit_custom_js_head":"","ghostkit_custom_js_foot":"","ghostkit_typography":"","footnotes":""},"class_list":["post-807","page","type-page","status-publish","hentry"],"acf":[],"yoast_head":"<!-- This site is optimized with the Yoast SEO plugin v26.1.1 - https:\/\/yoast.com\/wordpress\/plugins\/seo\/ -->\n<title>Value Multiplied - Pulse &amp; Patterns<\/title>\n<meta name=\"robots\" content=\"index, follow, max-snippet:-1, max-image-preview:large, max-video-preview:-1\" \/>\n<link rel=\"canonical\" href=\"https:\/\/pulsepatterns.com\/de\/value-multiplied\/\" \/>\n<meta property=\"og:locale\" content=\"de_DE\" \/>\n<meta property=\"og:type\" content=\"article\" \/>\n<meta property=\"og:title\" content=\"Value Multiplied - Pulse &amp; Patterns\" \/>\n<meta property=\"og:url\" content=\"https:\/\/pulsepatterns.com\/de\/value-multiplied\/\" \/>\n<meta property=\"og:site_name\" content=\"Pulse &amp; Patterns\" \/>\n<meta property=\"article:modified_time\" content=\"2025-11-08T19:03:18+00:00\" \/>\n<meta name=\"twitter:card\" content=\"summary_large_image\" \/>\n<meta name=\"twitter:label1\" content=\"Gesch\u00e4tzte Lesezeit\" \/>\n\t<meta name=\"twitter:data1\" content=\"2\u00a0Minuten\" \/>\n<script type=\"application\/ld+json\" class=\"yoast-schema-graph\">{\"@context\":\"https:\/\/schema.org\",\"@graph\":[{\"@type\":\"WebPage\",\"@id\":\"https:\/\/pulsepatterns.com\/de\/value-multiplied\/\",\"url\":\"https:\/\/pulsepatterns.com\/de\/value-multiplied\/\",\"name\":\"Value Multiplied - Pulse &amp; Patterns\",\"isPartOf\":{\"@id\":\"https:\/\/pulsepatterns.com\/de\/#website\"},\"datePublished\":\"2025-10-20T08:42:11+00:00\",\"dateModified\":\"2025-11-08T19:03:18+00:00\",\"breadcrumb\":{\"@id\":\"https:\/\/pulsepatterns.com\/de\/value-multiplied\/#breadcrumb\"},\"inLanguage\":\"de\",\"potentialAction\":[{\"@type\":\"ReadAction\",\"target\":[\"https:\/\/pulsepatterns.com\/de\/value-multiplied\/\"]}]},{\"@type\":\"BreadcrumbList\",\"@id\":\"https:\/\/pulsepatterns.com\/de\/value-multiplied\/#breadcrumb\",\"itemListElement\":[{\"@type\":\"ListItem\",\"position\":1,\"name\":\"Home\",\"item\":\"https:\/\/pulsepatterns.com\/de\/\"},{\"@type\":\"ListItem\",\"position\":2,\"name\":\"Value Multiplied\"}]},{\"@type\":\"WebSite\",\"@id\":\"https:\/\/pulsepatterns.com\/de\/#website\",\"url\":\"https:\/\/pulsepatterns.com\/de\/\",\"name\":\"Pulse &amp; Patterns\",\"description\":\"\",\"potentialAction\":[{\"@type\":\"SearchAction\",\"target\":{\"@type\":\"EntryPoint\",\"urlTemplate\":\"https:\/\/pulsepatterns.com\/de\/?s={search_term_string}\"},\"query-input\":{\"@type\":\"PropertyValueSpecification\",\"valueRequired\":true,\"valueName\":\"search_term_string\"}}],\"inLanguage\":\"de\"}]}<\/script>\n<!-- \/ Yoast SEO plugin. -->","yoast_head_json":{"title":"Value Multiplied - Pulse &amp; Patterns","robots":{"index":"index","follow":"follow","max-snippet":"max-snippet:-1","max-image-preview":"max-image-preview:large","max-video-preview":"max-video-preview:-1"},"canonical":"https:\/\/pulsepatterns.com\/de\/value-multiplied\/","og_locale":"de_DE","og_type":"article","og_title":"Value Multiplied - Pulse &amp; Patterns","og_url":"https:\/\/pulsepatterns.com\/de\/value-multiplied\/","og_site_name":"Pulse &amp; Patterns","article_modified_time":"2025-11-08T19:03:18+00:00","twitter_card":"summary_large_image","twitter_misc":{"Gesch\u00e4tzte Lesezeit":"2\u00a0Minuten"},"schema":{"@context":"https:\/\/schema.org","@graph":[{"@type":"WebPage","@id":"https:\/\/pulsepatterns.com\/de\/value-multiplied\/","url":"https:\/\/pulsepatterns.com\/de\/value-multiplied\/","name":"Value Multiplied - Pulse &amp; Patterns","isPartOf":{"@id":"https:\/\/pulsepatterns.com\/de\/#website"},"datePublished":"2025-10-20T08:42:11+00:00","dateModified":"2025-11-08T19:03:18+00:00","breadcrumb":{"@id":"https:\/\/pulsepatterns.com\/de\/value-multiplied\/#breadcrumb"},"inLanguage":"de","potentialAction":[{"@type":"ReadAction","target":["https:\/\/pulsepatterns.com\/de\/value-multiplied\/"]}]},{"@type":"BreadcrumbList","@id":"https:\/\/pulsepatterns.com\/de\/value-multiplied\/#breadcrumb","itemListElement":[{"@type":"ListItem","position":1,"name":"Home","item":"https:\/\/pulsepatterns.com\/de\/"},{"@type":"ListItem","position":2,"name":"Value Multiplied"}]},{"@type":"WebSite","@id":"https:\/\/pulsepatterns.com\/de\/#website","url":"https:\/\/pulsepatterns.com\/de\/","name":"Pulse &amp; Patterns","description":"","potentialAction":[{"@type":"SearchAction","target":{"@type":"EntryPoint","urlTemplate":"https:\/\/pulsepatterns.com\/de\/?s={search_term_string}"},"query-input":{"@type":"PropertyValueSpecification","valueRequired":true,"valueName":"search_term_string"}}],"inLanguage":"de"}]}},"_links":{"self":[{"href":"https:\/\/pulsepatterns.com\/de\/wp-json\/wp\/v2\/pages\/807","targetHints":{"allow":["GET"]}}],"collection":[{"href":"https:\/\/pulsepatterns.com\/de\/wp-json\/wp\/v2\/pages"}],"about":[{"href":"https:\/\/pulsepatterns.com\/de\/wp-json\/wp\/v2\/types\/page"}],"author":[{"embeddable":true,"href":"https:\/\/pulsepatterns.com\/de\/wp-json\/wp\/v2\/users\/2"}],"replies":[{"embeddable":true,"href":"https:\/\/pulsepatterns.com\/de\/wp-json\/wp\/v2\/comments?post=807"}],"version-history":[{"count":6,"href":"https:\/\/pulsepatterns.com\/de\/wp-json\/wp\/v2\/pages\/807\/revisions"}],"predecessor-version":[{"id":841,"href":"https:\/\/pulsepatterns.com\/de\/wp-json\/wp\/v2\/pages\/807\/revisions\/841"}],"wp:attachment":[{"href":"https:\/\/pulsepatterns.com\/de\/wp-json\/wp\/v2\/media?parent=807"}],"curies":[{"name":"wp","href":"https:\/\/api.w.org\/{rel}","templated":true}]}}