{"id":774,"date":"2025-10-13T09:48:05","date_gmt":"2025-10-13T09:48:05","guid":{"rendered":"https:\/\/pulse-and-patterns.in-testing.co.uk\/?page_id=774"},"modified":"2025-11-11T09:30:06","modified_gmt":"2025-11-11T09:30:06","slug":"home","status":"publish","type":"page","link":"https:\/\/pulsepatterns.com\/de\/","title":{"rendered":"Home"},"content":{"rendered":"\n<!-- Our front-end template -->\n<section\n    id=\"home-hero-block_2fbb643f8843d105b48c2ee751f2e8b6\" \n    class=\"home-hero  \"\n>\n    <div class=\"site-container\">\n                    <div class=\"home-hero-intro\">\n                                    <h1 data-aos=\"fade-in\">Pulse &#038; Patterns is a Value Multiplier.<\/h1>\n                                                    <div class=\"home-hero-intro-copy\" data-aos=\"fade-in\">\n                        <p data-start=\"944\" data-end=\"1188\"><strong>Durch unsere Erfahrung in der Implementierung von ServiceNow CRM &amp; CSM sowie modernen Daten- und KI-L\u00f6sungen schaffen wir die Basis f\u00fcr messbare Effizienzsteigerungen, au\u00dfergew\u00f6hnlichen Kundenservice und nachhaltige operative Exzellenz.<\/strong><\/p>\n                    <\/div>\n                            <\/div>\n                            <div class=\"home-hero-media\">\n                \n                    <figure>\n                        \n\n                                                    <img decoding=\"async\" src=\"https:\/\/pulsepatterns.com\/wp-content\/uploads\/2025\/10\/Mask-Group-6.jpg\" alt=\"\" class=\"hidden md:block\">                            \n                                                            <img decoding=\"async\" src=\"https:\/\/pulsepatterns.com\/wp-content\/uploads\/2025\/10\/Mask-Group-29.jpg\" alt=\"\" class=\"block md:hidden\">                                                                        \n                                                    <div class=\"animation-container\" data-aos=\"fade-in\">\n                                <div class=\"scrolling-text\" data-scrolling-text>\n                                                                            <div class=\"animation-item active\" data-item-index=\"0\">\n                                            Velocity                                        <\/div>\n                                                                            <div class=\"animation-item \" data-item-index=\"1\">\n                                            Competitiveness                                        <\/div>\n                                                                            <div class=\"animation-item \" data-item-index=\"2\">\n                                            Performance                                        <\/div>\n                                                                            <div class=\"animation-item \" data-item-index=\"3\">\n                                            Efficiencies                                        <\/div>\n                                                                            <div class=\"animation-item \" data-item-index=\"4\">\n                                            Harmony                                        <\/div>\n                                                                            <div class=\"animation-item \" data-item-index=\"5\">\n                                            Value                                        <\/div>\n                                                                    <\/div>\n                                                                    <div class=\"static-item\" >\n                                        <div class=\"static-text\">\n                                            Multiplied                                        <\/div>\n                                    <\/div>\n                                                            <\/div>\n                                            <\/figure>\n            \n                \n            <\/div>\n            <\/div>\n<\/section>\n\n\n<!-- Our front-end template -->\n<section\n    id=\"animated-text-block_46025eb2cd7bc18eaf1384dbc9841cbe\" \n    class=\"animated-text  \"\n>\n    <div class=\"site-container\">\n        <div class=\"animated-text-container\">\n            \n            <div class=\"animated-paragraphs\">\n                <p data-start=\"221\" data-end=\"402\">KI er\u00f6ffnet Unternehmen neue M\u00f6glichkeiten, ihre Arbeitsweise, Produkte und Wertsch\u00f6pfung grundlegend zu transformieren. Doch f\u00fcr viele bleibt dieses Potenzial noch ungenutzt.<\/p>\n<p data-start=\"404\" data-end=\"432\"><strong data-start=\"404\" data-end=\"430\">Das \u00e4ndert sich jetzt.<\/strong><\/p>\n<p data-start=\"434\" data-end=\"781\">Pulse and Patterns erschlie\u00dft das volle Potenzial der Daten-, KI- und CRM-Funktionen von ServiceNow und verwandelt fragmentierte Kundenprozesse in intelligente, KI-gest\u00fctzte Kundenerlebnisse &#8211; skalierbar, personalisiert und wirkungsstark.<br data-start=\"682\" data-end=\"685\" \/>So entsteht mehr Wert bei jeder Interaktion &#8211; f\u00fcr Kunden, Teams und das gesamte Unternehmen.<\/p>\n            <\/div>\n                                        <a href=\"\/contact-us\" target=\"\" class=\"btn-arrows\" data-aos=\"fade-in\">\n                    <span>Multiply now<\/span>\n                <\/a>\n                    <\/div>\n    <\/div>\n<\/section>\n\n\n<!-- Our front-end template -->\n<section\n    id=\"links-media-section-block_2c9f4eb3dc9e75b5b0d4b23ec9b02f16\" \n    class=\"links-media-section  \"\n>\n    <div class=\"site-container\">\n                    <div class=\"intro\">\n                <h2 class=\"title\">Services<\/h2>\n            <\/div>\n               <div class=\"animation-container\">\n                            <div class=\"links-container \" data-speed=\"0.5\">\n                                            <a class=\"link\" href=\"\/de\/core\" target=\"\">Core<\/a>\n                                            <a class=\"link\" href=\"\/de\/crm\" target=\"\">CRM<\/a>\n                                            <a class=\"link\" href=\"\/de\/AI\" target=\"\">AI<\/a>\n                                            <a class=\"link\" href=\"\/de\/data\" target=\"\">Data<\/a>\n                                    <\/div>\n                                        <span class=\"h1 header\" data-speed=\"0.5\">Future-proof your future<\/span>\n                                        <figure data-speed=\"0.8\" >\n                                            <img decoding=\"async\" class=\"aspect-[410\/509]\" src=\"https:\/\/pulsepatterns.com\/wp-content\/uploads\/2025\/10\/mike-hindle-65oY1l4Wsqw-unsplash_RT-scaled.jpg\" alt=\"\">\n                                    <\/figure>\n                   <\/div>\n    <\/div>\n<\/section>","protected":false},"excerpt":{"rendered":"","protected":false},"author":2,"featured_media":0,"parent":0,"menu_order":0,"comment_status":"closed","ping_status":"closed","template":"","meta":{"_acf_changed":false,"ghostkit_customizer_options":"","ghostkit_custom_css":"","ghostkit_custom_js_head":"","ghostkit_custom_js_foot":"","ghostkit_typography":"","footnotes":""},"class_list":["post-774","page","type-page","status-publish","hentry"],"acf":[],"yoast_head":"<!-- This site is optimized with the Yoast SEO plugin v26.1.1 - https:\/\/yoast.com\/wordpress\/plugins\/seo\/ -->\n<title>Home - Pulse &amp; Patterns<\/title>\n<meta name=\"robots\" content=\"index, follow, max-snippet:-1, max-image-preview:large, max-video-preview:-1\" \/>\n<link rel=\"canonical\" href=\"https:\/\/pulsepatterns.com\/de\/\" \/>\n<meta property=\"og:locale\" content=\"de_DE\" \/>\n<meta property=\"og:type\" content=\"article\" \/>\n<meta property=\"og:title\" content=\"Home - Pulse &amp; Patterns\" \/>\n<meta property=\"og:url\" content=\"https:\/\/pulsepatterns.com\/de\/\" \/>\n<meta property=\"og:site_name\" content=\"Pulse &amp; Patterns\" \/>\n<meta property=\"article:modified_time\" content=\"2025-11-11T09:30:06+00:00\" \/>\n<meta name=\"twitter:card\" content=\"summary_large_image\" \/>\n<meta name=\"twitter:label1\" content=\"Gesch\u00e4tzte Lesezeit\" \/>\n\t<meta name=\"twitter:data1\" content=\"2\u00a0Minuten\" \/>\n<script type=\"application\/ld+json\" class=\"yoast-schema-graph\">{\"@context\":\"https:\/\/schema.org\",\"@graph\":[{\"@type\":\"WebPage\",\"@id\":\"https:\/\/pulsepatterns.com\/de\/\",\"url\":\"https:\/\/pulsepatterns.com\/de\/\",\"name\":\"Home - Pulse &amp; Patterns\",\"isPartOf\":{\"@id\":\"https:\/\/pulsepatterns.com\/de\/#website\"},\"datePublished\":\"2025-10-13T09:48:05+00:00\",\"dateModified\":\"2025-11-11T09:30:06+00:00\",\"breadcrumb\":{\"@id\":\"https:\/\/pulsepatterns.com\/de\/#breadcrumb\"},\"inLanguage\":\"de\",\"potentialAction\":[{\"@type\":\"ReadAction\",\"target\":[\"https:\/\/pulsepatterns.com\/de\/\"]}]},{\"@type\":\"BreadcrumbList\",\"@id\":\"https:\/\/pulsepatterns.com\/de\/#breadcrumb\",\"itemListElement\":[{\"@type\":\"ListItem\",\"position\":1,\"name\":\"Home\",\"item\":\"https:\/\/pulsepatterns.com\/de\/\"},{\"@type\":\"ListItem\",\"position\":2,\"name\":\"Home\"}]},{\"@type\":\"WebSite\",\"@id\":\"https:\/\/pulsepatterns.com\/de\/#website\",\"url\":\"https:\/\/pulsepatterns.com\/de\/\",\"name\":\"Pulse &amp; Patterns\",\"description\":\"\",\"potentialAction\":[{\"@type\":\"SearchAction\",\"target\":{\"@type\":\"EntryPoint\",\"urlTemplate\":\"https:\/\/pulsepatterns.com\/de\/?s={search_term_string}\"},\"query-input\":{\"@type\":\"PropertyValueSpecification\",\"valueRequired\":true,\"valueName\":\"search_term_string\"}}],\"inLanguage\":\"de\"}]}<\/script>\n<!-- \/ Yoast SEO plugin. -->","yoast_head_json":{"title":"Home - Pulse &amp; Patterns","robots":{"index":"index","follow":"follow","max-snippet":"max-snippet:-1","max-image-preview":"max-image-preview:large","max-video-preview":"max-video-preview:-1"},"canonical":"https:\/\/pulsepatterns.com\/de\/","og_locale":"de_DE","og_type":"article","og_title":"Home - Pulse &amp; Patterns","og_url":"https:\/\/pulsepatterns.com\/de\/","og_site_name":"Pulse &amp; Patterns","article_modified_time":"2025-11-11T09:30:06+00:00","twitter_card":"summary_large_image","twitter_misc":{"Gesch\u00e4tzte Lesezeit":"2\u00a0Minuten"},"schema":{"@context":"https:\/\/schema.org","@graph":[{"@type":"WebPage","@id":"https:\/\/pulsepatterns.com\/de\/","url":"https:\/\/pulsepatterns.com\/de\/","name":"Home - Pulse &amp; Patterns","isPartOf":{"@id":"https:\/\/pulsepatterns.com\/de\/#website"},"datePublished":"2025-10-13T09:48:05+00:00","dateModified":"2025-11-11T09:30:06+00:00","breadcrumb":{"@id":"https:\/\/pulsepatterns.com\/de\/#breadcrumb"},"inLanguage":"de","potentialAction":[{"@type":"ReadAction","target":["https:\/\/pulsepatterns.com\/de\/"]}]},{"@type":"BreadcrumbList","@id":"https:\/\/pulsepatterns.com\/de\/#breadcrumb","itemListElement":[{"@type":"ListItem","position":1,"name":"Home","item":"https:\/\/pulsepatterns.com\/de\/"},{"@type":"ListItem","position":2,"name":"Home"}]},{"@type":"WebSite","@id":"https:\/\/pulsepatterns.com\/de\/#website","url":"https:\/\/pulsepatterns.com\/de\/","name":"Pulse &amp; Patterns","description":"","potentialAction":[{"@type":"SearchAction","target":{"@type":"EntryPoint","urlTemplate":"https:\/\/pulsepatterns.com\/de\/?s={search_term_string}"},"query-input":{"@type":"PropertyValueSpecification","valueRequired":true,"valueName":"search_term_string"}}],"inLanguage":"de"}]}},"_links":{"self":[{"href":"https:\/\/pulsepatterns.com\/de\/wp-json\/wp\/v2\/pages\/774","targetHints":{"allow":["GET"]}}],"collection":[{"href":"https:\/\/pulsepatterns.com\/de\/wp-json\/wp\/v2\/pages"}],"about":[{"href":"https:\/\/pulsepatterns.com\/de\/wp-json\/wp\/v2\/types\/page"}],"author":[{"embeddable":true,"href":"https:\/\/pulsepatterns.com\/de\/wp-json\/wp\/v2\/users\/2"}],"replies":[{"embeddable":true,"href":"https:\/\/pulsepatterns.com\/de\/wp-json\/wp\/v2\/comments?post=774"}],"version-history":[{"count":5,"href":"https:\/\/pulsepatterns.com\/de\/wp-json\/wp\/v2\/pages\/774\/revisions"}],"predecessor-version":[{"id":1011,"href":"https:\/\/pulsepatterns.com\/de\/wp-json\/wp\/v2\/pages\/774\/revisions\/1011"}],"wp:attachment":[{"href":"https:\/\/pulsepatterns.com\/de\/wp-json\/wp\/v2\/media?parent=774"}],"curies":[{"name":"wp","href":"https:\/\/api.w.org\/{rel}","templated":true}]}}