{"id":766,"date":"2025-10-17T13:19:03","date_gmt":"2025-10-17T13:19:03","guid":{"rendered":"https:\/\/pulse-and-patterns.in-testing.co.uk\/?page_id=766"},"modified":"2025-11-08T10:21:41","modified_gmt":"2025-11-08T10:21:41","slug":"our-people-and-culture","status":"publish","type":"page","link":"https:\/\/pulsepatterns.com\/de\/about\/our-people-and-culture\/","title":{"rendered":"Our People and Culture"},"content":{"rendered":"\n<!-- Our front-end template -->\n<section\n    id=\"hero-text-image-block_74cda0b57f3d84c9435da4172bd836ed\" \n    class=\"hero-text-image  \"\n>\n    <div class=\"site-container\">\n    <nav class=\"breadcrumbs\" aria-label=\"Breadcrumb\" itemscope itemtype=\"https:\/\/schema.org\/BreadcrumbList\"><span class=\"breadcrumb-item\" itemprop=\"itemListElement\" itemscope itemtype=\"https:\/\/schema.org\/ListItem\"><a href=\"https:\/\/pulsepatterns.com\/de\/\" class=\"breadcrumb-link\" itemprop=\"item\"><span itemprop=\"name\">Home<\/span><\/a><meta itemprop=\"position\" content=\"1\" \/><\/span><\/nav>\n            <div class=\"intro\" data-aos=\"fade-in\">\n                <h1 data-aos=\"fade-in\">Our People and Culture<\/h1>\n                            <\/div>\n\n            <div class=\"content\">\n                <div class=\"content-text\">\n                                            <div class=\"intro-text\" data-aos=\"fade-in\">\n                            <p>Wir haben Pulse and Patterns gegr\u00fcndet, um ein Unternehmen aufzubauen, das Entscheidungen im Einklang mit unseren Werten trifft und echte Zusammenarbeit erm\u00f6glicht. Wir leben eine Kultur, in der Vertrauen, Freiheit und Innovation an erster Stelle stehen.<\/p>\n                        <\/div>\n                                                                <div class=\"copy-text \" data-aos=\"fade-in\">\n                            <p>F\u00fcr uns z\u00e4hlt nicht, wann oder wo unsere Mitarbeitenden arbeiten, sondern was sie leisten. Sie \u00fcbernehmen von Anfang an Verantwortung, k\u00f6nnen Ihre Ideen einbringen und werden Teil eines Teams, das Sie als Pers\u00f6nlichkeit sch\u00e4tzt. Gemeinsam gestalten wir nicht nur die Zukunft unserer Kunden, sondern auch unser eigenes Wachstum &#8211; und wir freuen uns darauf, Menschen willkommen zu hei\u00dfen, die uns auf diesem Weg begleiten m\u00f6chten.<\/p>\n                        <\/div>\n                                    <\/div>\n                                    <figure class=\"content-image\" data-aos=\"fade-in\">\n                        <img decoding=\"async\" src=\"https:\/\/pulsepatterns.com\/wp-content\/uploads\/2025\/10\/Mask-Group-6-1.png\" alt=\"\">                                            <\/figure>\n                            <\/div>\n    <\/div>\n<\/section>\n\n\n<!-- Our front-end template -->\n<section\n    id=\"team-relation-block_3d8a451e6e331f32b53634694e557869\" \n    class=\"team-relation   overflow-hidden\"\n>\n    <div class=\"site-container\">\n                \n        <div class=\"team-grid \">\n            <!-- Intro Section -->\n            <div class=\" intro-section\" data-aos=\"fade-in\">\n                                    <h2>Wer wir sind<\/h2>\n                                \n                                    <div class=\"copy\">\n                        <p><b>Pulse &amp; Patterns: ein ServiceNow-natives Team. Sag Hi! auf LinkedIn.<\/b><\/p>\n<p>Wir leben und atmen die Now Platform &#8211; von CRM, CSM \u00fcber App Engine bis hin zum IntegrationHub.<br \/>\nVerbinde dich mit unseren Experten auf LinkedIn, um Ideen zu diskutieren, Fragen zu stellen oder einfach eine Konversation zu starten.<\/p>\n                    <\/div>\n                            <\/div>\n            \n            <!-- Team Members -->\n                                                                    \n                    <div  class=\"item-tile team-member-tile\" data-aos=\"fade-up\" data-aos-delay=\"0\">\n                                                    <figure class=\"slide-image\">\n                                <img decoding=\"async\" src=\"https:\/\/pulsepatterns.com\/wp-content\/uploads\/2025\/10\/ProfileX_300x300_RedBlack-300x300.png\" alt=\"Dominique Gr\u00fcger\">\n                            <\/figure>\n                                                \n                        <div class=\"slide-content\">\n                            <h3>Dominique Gr\u00fcger<\/h3>\n                                                            <p class=\"slide-subtitle\">Managing Director<\/p>\n                                                                                        <div class=\"slide-copy\">Domi motiviert die Schnittstelle von Strategie, Technologie und Menschen. Mit seinem fundierten Hintergrund in der digitalen Beratung und im Aufbau von Unternehmen setzt er Visionen in Strukturen und Strategien in die Umsetzung um. Mit seiner Leidenschaft f\u00fcr die Gestaltung von Organisationen, die Innovation mit Sinnhaftigkeit verbinden, treibt er Pulse and Patterns mit Fokus auf nachhaltiges Wachstum, Klarheit und Zusammenarbeit voran.<\/div>\n                                                        \n                        <\/div>\n                                            <\/div>\n                                                        \n                    <div  class=\"item-tile team-member-tile\" data-aos=\"fade-up\" data-aos-delay=\"100\">\n                                                    <figure class=\"slide-image\">\n                                <img decoding=\"async\" src=\"https:\/\/pulsepatterns.com\/wp-content\/uploads\/2025\/10\/ProfileX_300x300_RedBlack-300x300.png\" alt=\"Frank Schikora\">\n                            <\/figure>\n                                                \n                        <div class=\"slide-content\">\n                            <h3>Frank Schikora<\/h3>\n                                                            <p class=\"slide-subtitle\">Managing Director<\/p>\n                                                                                        <div class=\"slide-copy\">Frank verbindet fundiertes technisches Fachwissen mit einem pragmatischen Ansatz bei der Umsetzung. Mit \u00fcber zwei Jahrzehnten Erfahrung in der IT-Beratung und der Implementierung von ServiceNow sorgt er daf\u00fcr, dass komplexe Projekte reibungslos ablaufen und messbare Ergebnisse liefern. Mit seiner Leidenschaft f\u00fcr den Aufbau und die Schulung von technischen Teams legt er den Schwerpunkt auf Zuverl\u00e4ssigkeit, Teamarbeit und kontinuierliche Verbesserung.<\/div>\n                                                        \n                        <\/div>\n                                            <\/div>\n                                                        \n                    <div  class=\"item-tile team-member-tile\" data-aos=\"fade-up\" data-aos-delay=\"200\">\n                                                    <figure class=\"slide-image\">\n                                <img decoding=\"async\" src=\"https:\/\/pulsepatterns.com\/wp-content\/uploads\/2025\/10\/ProfileX_300x300_RedBlack-300x300.png\" alt=\"Oliver Kook\">\n                            <\/figure>\n                                                \n                        <div class=\"slide-content\">\n                            <h3>Oliver Kook<\/h3>\n                                                            <p class=\"slide-subtitle\">Head of Consulting<\/p>\n                                                                                        <div class=\"slide-copy\">Oliver liebt es, Teams aufzubauen, die nicht nur Projekte umsetzen, sondern auch etwas bewirken. Mit seiner Leidenschaft f\u00fcr Innovation und seinem Talent, Menschen miteinander zu verbinden, verwandelt er Ideen in skalierbare Praktiken, die den tats\u00e4chlichen Wert von ServiceNow steigern. Er glaubt, dass gro\u00dfartige Beratung dort entsteht, wo Neugierde auf Zusammenarbeit trifft \u2013 und bringt diese Denkweise zusammen mit \u00fcber 12 Jahren Erfahrung bei ServiceNow in alles ein, was er tut, w\u00e4hrend er unsere Beratungspraxis leitet und weiterentwickelt.<\/div>\n                                                        \n                        <\/div>\n                                            <\/div>\n                                                        \n                    <div  class=\"item-tile team-member-tile\" data-aos=\"fade-up\" data-aos-delay=\"300\">\n                                                    <figure class=\"slide-image\">\n                                <img decoding=\"async\" src=\"https:\/\/pulsepatterns.com\/wp-content\/uploads\/2025\/10\/ProfileX_300x300_RedBlack-300x300.png\" alt=\"Mahmoud Triki\">\n                            <\/figure>\n                                                \n                        <div class=\"slide-content\">\n                            <h3>Mahmoud Triki<\/h3>\n                                                            <p class=\"slide-subtitle\">Manager AI Transformation<\/p>\n                                                                                        <div class=\"slide-copy\">Mahmoud ist ein Transformationsexperte, der sich darauf konzentriert, Unternehmen dabei zu helfen, durch KI-Funktionen von ServiceNow, &#8211; &#8211; NowAssist und AI Agent Studio &#8211; Mehrwert zu generieren. Mit seinem tiefgreifenden Verst\u00e4ndnis sowohl f\u00fcr Strategie als auch f\u00fcr Umsetzung verwandelt er ehrgeizige Ziele in skalierbare, intelligente L\u00f6sungen. Mit seiner Leidenschaft f\u00fcr Zusammenarbeit und Fortschritt macht er Transformationen greifbar, wirkungsvoll und wertorientiert.<\/div>\n                                                        \n                        <\/div>\n                                            <\/div>\n                                                        \n                    <div  class=\"item-tile team-member-tile\" data-aos=\"fade-up\" data-aos-delay=\"400\">\n                                                    <figure class=\"slide-image\">\n                                <img decoding=\"async\" src=\"https:\/\/pulsepatterns.com\/wp-content\/uploads\/2025\/10\/ProfileX_300x300_RedBlack-300x300.png\" alt=\"Ina Cibin\">\n                            <\/figure>\n                                                \n                        <div class=\"slide-content\">\n                            <h3>Ina Cibin<\/h3>\n                                                            <p class=\"slide-subtitle\">People &#038; Operations Manager<\/p>\n                                                                                        <div class=\"slide-copy\">Ina ist eine erfahrene HR-Expertin, die sich auf die Talentakquise spezialisiert hat. Sie zeichnet sich durch den Aufbau leistungsstarker Teams, die F\u00f6rderung des Mitarbeiterengagements und die Ausrichtung von Personalstrategien auf die Unternehmensziele aus. Mit ihrer Leidenschaft f\u00fcr Kultur und Wachstum schafft sie sinnvolle Mitarbeitererlebnisse, die Zugeh\u00f6rigkeit, Motivation und langfristigen Erfolg f\u00f6rdern.<\/div>\n                                                        \n                        <\/div>\n                                            <\/div>\n                                    <\/div>\n    <\/div>\n<\/section>","protected":false},"excerpt":{"rendered":"","protected":false},"author":2,"featured_media":0,"parent":582,"menu_order":0,"comment_status":"closed","ping_status":"closed","template":"","meta":{"_acf_changed":false,"ghostkit_customizer_options":"","ghostkit_custom_css":"","ghostkit_custom_js_head":"","ghostkit_custom_js_foot":"","ghostkit_typography":"","footnotes":""},"class_list":["post-766","page","type-page","status-publish","hentry"],"acf":[],"yoast_head":"<!-- This site is optimized with the Yoast SEO plugin v26.1.1 - https:\/\/yoast.com\/wordpress\/plugins\/seo\/ -->\n<title>Our People and Culture - Pulse &amp; Patterns<\/title>\n<meta name=\"robots\" content=\"index, follow, max-snippet:-1, max-image-preview:large, max-video-preview:-1\" \/>\n<link rel=\"canonical\" href=\"https:\/\/pulsepatterns.com\/de\/about\/our-people-and-culture\/\" \/>\n<meta property=\"og:locale\" content=\"de_DE\" \/>\n<meta property=\"og:type\" content=\"article\" \/>\n<meta property=\"og:title\" content=\"Our People and Culture - Pulse &amp; Patterns\" \/>\n<meta property=\"og:url\" content=\"https:\/\/pulsepatterns.com\/de\/about\/our-people-and-culture\/\" \/>\n<meta property=\"og:site_name\" content=\"Pulse &amp; Patterns\" \/>\n<meta property=\"article:modified_time\" content=\"2025-11-08T10:21:41+00:00\" \/>\n<meta name=\"twitter:card\" content=\"summary_large_image\" \/>\n<meta name=\"twitter:label1\" content=\"Gesch\u00e4tzte Lesezeit\" \/>\n\t<meta name=\"twitter:data1\" content=\"1\u00a0Minute\" \/>\n<script type=\"application\/ld+json\" class=\"yoast-schema-graph\">{\"@context\":\"https:\/\/schema.org\",\"@graph\":[{\"@type\":\"WebPage\",\"@id\":\"https:\/\/pulsepatterns.com\/de\/about\/our-people-and-culture\/\",\"url\":\"https:\/\/pulsepatterns.com\/de\/about\/our-people-and-culture\/\",\"name\":\"Our People and Culture - Pulse &amp; Patterns\",\"isPartOf\":{\"@id\":\"https:\/\/pulsepatterns.com\/de\/#website\"},\"datePublished\":\"2025-10-17T13:19:03+00:00\",\"dateModified\":\"2025-11-08T10:21:41+00:00\",\"breadcrumb\":{\"@id\":\"https:\/\/pulsepatterns.com\/de\/about\/our-people-and-culture\/#breadcrumb\"},\"inLanguage\":\"de\",\"potentialAction\":[{\"@type\":\"ReadAction\",\"target\":[\"https:\/\/pulsepatterns.com\/de\/about\/our-people-and-culture\/\"]}]},{\"@type\":\"BreadcrumbList\",\"@id\":\"https:\/\/pulsepatterns.com\/de\/about\/our-people-and-culture\/#breadcrumb\",\"itemListElement\":[{\"@type\":\"ListItem\",\"position\":1,\"name\":\"Home\",\"item\":\"https:\/\/pulsepatterns.com\/de\/\"},{\"@type\":\"ListItem\",\"position\":2,\"name\":\"About\",\"item\":\"https:\/\/pulsepatterns.com\/de\/about\/\"},{\"@type\":\"ListItem\",\"position\":3,\"name\":\"Our People and Culture\"}]},{\"@type\":\"WebSite\",\"@id\":\"https:\/\/pulsepatterns.com\/de\/#website\",\"url\":\"https:\/\/pulsepatterns.com\/de\/\",\"name\":\"Pulse &amp; Patterns\",\"description\":\"\",\"potentialAction\":[{\"@type\":\"SearchAction\",\"target\":{\"@type\":\"EntryPoint\",\"urlTemplate\":\"https:\/\/pulsepatterns.com\/de\/?s={search_term_string}\"},\"query-input\":{\"@type\":\"PropertyValueSpecification\",\"valueRequired\":true,\"valueName\":\"search_term_string\"}}],\"inLanguage\":\"de\"}]}<\/script>\n<!-- \/ Yoast SEO plugin. -->","yoast_head_json":{"title":"Our People and Culture - Pulse &amp; Patterns","robots":{"index":"index","follow":"follow","max-snippet":"max-snippet:-1","max-image-preview":"max-image-preview:large","max-video-preview":"max-video-preview:-1"},"canonical":"https:\/\/pulsepatterns.com\/de\/about\/our-people-and-culture\/","og_locale":"de_DE","og_type":"article","og_title":"Our People and Culture - Pulse &amp; Patterns","og_url":"https:\/\/pulsepatterns.com\/de\/about\/our-people-and-culture\/","og_site_name":"Pulse &amp; Patterns","article_modified_time":"2025-11-08T10:21:41+00:00","twitter_card":"summary_large_image","twitter_misc":{"Gesch\u00e4tzte Lesezeit":"1\u00a0Minute"},"schema":{"@context":"https:\/\/schema.org","@graph":[{"@type":"WebPage","@id":"https:\/\/pulsepatterns.com\/de\/about\/our-people-and-culture\/","url":"https:\/\/pulsepatterns.com\/de\/about\/our-people-and-culture\/","name":"Our People and Culture - Pulse &amp; Patterns","isPartOf":{"@id":"https:\/\/pulsepatterns.com\/de\/#website"},"datePublished":"2025-10-17T13:19:03+00:00","dateModified":"2025-11-08T10:21:41+00:00","breadcrumb":{"@id":"https:\/\/pulsepatterns.com\/de\/about\/our-people-and-culture\/#breadcrumb"},"inLanguage":"de","potentialAction":[{"@type":"ReadAction","target":["https:\/\/pulsepatterns.com\/de\/about\/our-people-and-culture\/"]}]},{"@type":"BreadcrumbList","@id":"https:\/\/pulsepatterns.com\/de\/about\/our-people-and-culture\/#breadcrumb","itemListElement":[{"@type":"ListItem","position":1,"name":"Home","item":"https:\/\/pulsepatterns.com\/de\/"},{"@type":"ListItem","position":2,"name":"About","item":"https:\/\/pulsepatterns.com\/de\/about\/"},{"@type":"ListItem","position":3,"name":"Our People and Culture"}]},{"@type":"WebSite","@id":"https:\/\/pulsepatterns.com\/de\/#website","url":"https:\/\/pulsepatterns.com\/de\/","name":"Pulse &amp; Patterns","description":"","potentialAction":[{"@type":"SearchAction","target":{"@type":"EntryPoint","urlTemplate":"https:\/\/pulsepatterns.com\/de\/?s={search_term_string}"},"query-input":{"@type":"PropertyValueSpecification","valueRequired":true,"valueName":"search_term_string"}}],"inLanguage":"de"}]}},"_links":{"self":[{"href":"https:\/\/pulsepatterns.com\/de\/wp-json\/wp\/v2\/pages\/766","targetHints":{"allow":["GET"]}}],"collection":[{"href":"https:\/\/pulsepatterns.com\/de\/wp-json\/wp\/v2\/pages"}],"about":[{"href":"https:\/\/pulsepatterns.com\/de\/wp-json\/wp\/v2\/types\/page"}],"author":[{"embeddable":true,"href":"https:\/\/pulsepatterns.com\/de\/wp-json\/wp\/v2\/users\/2"}],"replies":[{"embeddable":true,"href":"https:\/\/pulsepatterns.com\/de\/wp-json\/wp\/v2\/comments?post=766"}],"version-history":[{"count":2,"href":"https:\/\/pulsepatterns.com\/de\/wp-json\/wp\/v2\/pages\/766\/revisions"}],"predecessor-version":[{"id":770,"href":"https:\/\/pulsepatterns.com\/de\/wp-json\/wp\/v2\/pages\/766\/revisions\/770"}],"up":[{"embeddable":true,"href":"https:\/\/pulsepatterns.com\/de\/wp-json\/wp\/v2\/pages\/582"}],"wp:attachment":[{"href":"https:\/\/pulsepatterns.com\/de\/wp-json\/wp\/v2\/media?parent=766"}],"curies":[{"name":"wp","href":"https:\/\/api.w.org\/{rel}","templated":true}]}}