{"id":582,"date":"2025-10-13T09:48:18","date_gmt":"2025-10-13T09:48:18","guid":{"rendered":"https:\/\/pulse-and-patterns.in-testing.co.uk\/about\/"},"modified":"2025-11-08T16:53:07","modified_gmt":"2025-11-08T16:53:07","slug":"about","status":"publish","type":"page","link":"https:\/\/pulsepatterns.com\/de\/about\/","title":{"rendered":"About"},"content":{"rendered":"\n<!-- Our front-end template -->\n<section\n    id=\"page-hero-block_0f637aa6df9b017e8cd95288448fb757\" \n    class=\"page-hero   has-links\"\n>\n    <div class=\"site-container\">\n    <nav class=\"breadcrumbs\" aria-label=\"Breadcrumb\" itemscope itemtype=\"https:\/\/schema.org\/BreadcrumbList\"><span class=\"breadcrumb-item\" itemprop=\"itemListElement\" itemscope itemtype=\"https:\/\/schema.org\/ListItem\"><a href=\"https:\/\/pulsepatterns.com\/de\/\" class=\"breadcrumb-link\" itemprop=\"item\"><span itemprop=\"name\">Home<\/span><\/a><meta itemprop=\"position\" content=\"1\" \/><\/span><\/nav>                    <h1 data-aos=\"fade-in\">ABOUT<\/h1>\n        \n                    <figure  class=\"has-subheader\" >\n                <img decoding=\"async\" src=\"https:\/\/pulsepatterns.com\/wp-content\/uploads\/2025\/10\/Mask-Group-6.png\" alt=\"\" class=\"hidden md:block\">                \n                                    <img decoding=\"async\" src=\"https:\/\/pulsepatterns.com\/wp-content\/uploads\/2025\/10\/Mask-Group-42.png\" alt=\"\" class=\"block md:hidden\">                                                    <div class=\"subheader\"><span data-aos=\"fade-in\" data-aos-delay=\"200\">Wir sind ein dynamisches Beratungs- und Implementierungsunternehmen mit einer klaren Mission.<\/span><\/div>\n                            <\/figure>\n        \n                    <div class=\"links-grid\">\n                                    <a href=\"\/value-multiplied\" class=\"link\">Value Multiplied<\/a>\n                                    <a href=\"\/our-people-and-culture\/\" class=\"link\">Our People and Culture<\/a>\n                                    <a href=\"\/work-with-us\" class=\"link\">Work with us<\/a>\n                                    <a href=\"\/contact-us\/\" class=\"link\">Get in touch<\/a>\n                            <\/div>\n            <\/div>\n<\/section>\n\n\n<!-- Our front-end template -->\n<section\n    id=\"animated-text-block_1057426659229437512b0eb8356625e2\" \n    class=\"animated-text  \"\n>\n    <div class=\"site-container\">\n        <div class=\"animated-text-container\">\n            \n            <div class=\"animated-paragraphs\">\n                <p><strong>Wir helfen Unternehmen, ihre Prozesse nachhaltig zu digitalisieren und effizienter zu gestalten &#8211; mit den F\u00e4higkeiten von ServiceNow und KI-Technologie. Unser Team vereint langj\u00e4hrige Erfahrung in IT-Consulting, Gesch\u00e4fts-Transformationen und Start-ups mit der Leidenschaft, Dinge anders und besser zu machen<br \/>\n<\/strong><\/p>\n            <\/div>\n                            <div class=\"small-text\" data-aos=\"fade-in\">\n                    <p>Als dedizierter ServiceNow-Partner unterst\u00fctzen wir Organisationen dabei, Komplexit\u00e4t in Einfachheit zu verwandeln &#8211; mit einer ma\u00dfgeschneiderten Plattform. Wir gestalten digitale Workflows, die effizient, transparent und zukunftsf\u00e4hig sind.<\/p>\n                <\/div>\n                                <\/div>\n    <\/div>\n<\/section>\n\n\n<!-- Our front-end template -->\n<section\n    id=\"our-story-block_ba0691c8918ff41ce7e9c9f05ce182cb\" \n    class=\"our-story  \"\n>\n    <div class=\"site-container\">\n                    <h2 class=\"header\" data-aos=\"fade-in\">\n                Our Story            <\/h2>\n                <div class=\"content\">\n                            <figure data-aos=\"fade-up\">\n                    <img decoding=\"async\" src=\"https:\/\/pulsepatterns.com\/wp-content\/uploads\/2025\/10\/Mask-Group-12.png\" alt=\"\" class=\"hidden lg:block\" loading=\"lazy\">                                            <img decoding=\"async\" src=\"https:\/\/pulsepatterns.com\/wp-content\/uploads\/2025\/10\/Mask-Group-8-1.jpg\" alt=\"\" class=\"block lg:hidden\" loading=\"lazy\">                                    <\/figure>\n                        \n                            <div class=\"content-inner\">\n                                            <div class=\"intro\" data-aos=\"fade-in\">\n                            <p>Wir haben Pulse &amp; Patterns gegr\u00fcndet, um eine andere Art von ServiceNow-Beratung anzubieten: menschenzentriert, KI-basiert und auf schnelle und effiziente Ergebnisse ausgerichtet, w\u00e4hrend wir unseren Mitarbeitern ein wachstumsorientiertes\u00a0Arbeitsumfeld bieten.<\/p>\n                        <\/div>\n                                                                <div class=\"copy\" data-aos=\"fade-in\">\n                            <p>Wir verbinden Fachkompetenz mit einem menschlichen Ansatz. Wir wissen, dass Technologie allein keinen Mehrwert schafft, sondern dass es darauf ankommt, wie Menschen damit arbeiten. Deshalb stehen Beziehungen im Mittelpunkt unseres Handelns: Wir bauen Vertrauen auf, arbeiten auf Augenh\u00f6he und liefern nachhaltige L\u00f6sungen.<\/p>\n<p>Dar\u00fcber hinaus glauben wir an die Leistungsf\u00e4higkeit einer zentralen Softwareplattform (Core) wie ServiceNow. Im Zeitalter der KI ist es von unsch\u00e4tzbarem Wert, \u00fcber einen zentralen Ort f\u00fcr Aktionen und Agent-Flow zu verf\u00fcgen, der auch die Datenebene umfasst.<\/p>\n                        <\/div>\n                                    <\/div>\n                    <\/div>\n    <\/div>\n<\/section>\n\n\n<!-- Our front-end template -->\n<section\n    id=\"benefits-block_68bfbceb42d2635399b3a2e523c6579d\" \n    class=\"benefits  gray\"\n>\n    <div class=\"site-container\">\n                    <div class=\"intro no-copy \" data-aos=\"fade-in\">\n                                    <h2>Was uns ausmachst<\/h2>\n                                            <\/div>\n                            <div class=\"benefits-grid \">\n                                    <div class=\"benefit-item\" data-aos=\"fade-up\" data-aos-delay=\"0\">\n                                                    <figure class=\"benefit-icon\">\n                                <img decoding=\"async\" src=\"https:\/\/pulsepatterns.com\/wp-content\/uploads\/2025\/10\/Pulse_Patterns_ServiceNow_Red.svg\" alt=\"\" loading=\"lazy\">                            <\/figure>\n                                                <div class=\"benefit-content\">\n                                                            <h3>ServiceNow-Kompetenz von A bis Z<\/h3>\n                                                                                        <div><p>Von der Strategie \u00fcber Prozesse und Design bis hin zur Implementierung, kontinuierlichen Verbesserung und Wartung bieten wir umfassende ServiceNow-Dienstleistungen, die genau auf Kundenbed\u00fcrfnisse zugeschnitten sind. Wir machen komplexe Prozesse einfach, zug\u00e4nglich und effektiv.<\/p>\n<\/div>\n                                                                                <\/div>\n                    <\/div>\n                                    <div class=\"benefit-item\" data-aos=\"fade-up\" data-aos-delay=\"100\">\n                                                    <figure class=\"benefit-icon\">\n                                <img decoding=\"async\" src=\"https:\/\/pulsepatterns.com\/wp-content\/uploads\/2025\/10\/Pulse_Patterns_True-Partnership_Red.svg\" alt=\"\" loading=\"lazy\">                            <\/figure>\n                                                <div class=\"benefit-content\">\n                                                            <h3>Echte Partnerschaft<\/h3>\n                                                                                        <div><p>Enge Zusammenarbeit. Pr\u00e4zise Fragen. Echte Ergebnisse. Wir gestalten gemeinsam und liefern nachweisbare, umsetzbare und an Gesch\u00e4ftsergebnisse gekn\u00fcpfte Ergebnisse.<\/p>\n<\/div>\n                                                                                <\/div>\n                    <\/div>\n                                    <div class=\"benefit-item\" data-aos=\"fade-up\" data-aos-delay=\"200\">\n                                                    <figure class=\"benefit-icon\">\n                                <img decoding=\"async\" src=\"https:\/\/pulsepatterns.com\/wp-content\/uploads\/2025\/10\/Pulse_Patterns_Born-AI_Red.svg\" alt=\"\" loading=\"lazy\">                            <\/figure>\n                                                <div class=\"benefit-content\">\n                                                            <h3>Born-AI &#038; Zukunfsorientiert<\/h3>\n                                                                                        <div><p>Wir sind \u201eborn-AI\u201c und dank unserer Expertise in den Bereichen Automatisierung und Low-Code setzen wir fr\u00fchzeitig moderne Tools ein, damit Ihr Unternehmen f\u00fcr die Zukunft ger\u00fcstet ist.<\/p>\n<\/div>\n                                                                                <\/div>\n                    <\/div>\n                                    <div class=\"benefit-item\" data-aos=\"fade-up\" data-aos-delay=\"300\">\n                                                    <figure class=\"benefit-icon\">\n                                <img decoding=\"async\" src=\"https:\/\/pulsepatterns.com\/wp-content\/uploads\/2025\/10\/Pulse_Patterns_High-Quality_Red.svg\" alt=\"\" loading=\"lazy\">                            <\/figure>\n                                                <div class=\"benefit-content\">\n                                                            <h3>Hohe Qualit\u00e4t, hohe Wirkung<\/h3>\n                                                                                        <div><p>Wir legen mehr Wert auf Exzellenz und messbare Ergebnisse als auf Quantit\u00e4t und stellen sicher, dass jedes Projekt eine echte Wirkung erzielt. F\u00fcr uns ist die langfristige Kundenzufriedenheit wichtiger als kurzfristiges Wachstum.<\/p>\n<\/div>\n                                                                                <\/div>\n                    <\/div>\n                            <\/div>\n            <\/div>\n<\/section>\n\n\n<!-- Our front-end template -->\n<style>\n        #our-mission-block_bb8636d188f8977a06483931c9920cef {\n        background-image: url('https:\/\/pulsepatterns.com\/wp-content\/uploads\/2025\/10\/Mask-Group-13.png');\n        background-size: cover;\n        background-position: center;\n        background-repeat: no-repeat;\n    }\n        \n        @media (max-width: 768px) {\n        #our-mission-block_bb8636d188f8977a06483931c9920cef {\n            background-image: url('https:\/\/pulsepatterns.com\/wp-content\/uploads\/2025\/10\/Mask-Group-54.png');\n        }\n    }\n    <\/style>\n\n<section\n    id=\"our-mission-block_bb8636d188f8977a06483931c9920cef\" \n    class=\"our-mission  \"\n>\n    <div class=\"site-container\">\n                    <div class=\"mission-repeater\">\n                                    <div class=\"mission\" data-aos=\"fade-in\">\n                        <h3>Unsere Mission<\/h3>\n                        <div class=\"copy\">\n                            <p>Unsere Mission ist es, Gesch\u00e4ftsprozesse f\u00fcr unsere Kunden zu vereinfachen und zu verkn\u00fcpfen.<\/p>\n<p>Wir erm\u00f6glichen es Unternehmen, Workflows und gro\u00dfe Ende-zu-Ende-Prozesse von CRM und Kundenservice bis hin zu HR und IT zu orchestrieren &#8211; unterst\u00fctzt durch ServiceNow. Auf diese Weise befreien wir Menschen von manuellen Aufgaben, schaffen Raum f\u00fcr sinnvolle Arbeit und unterst\u00fctzen Unternehmen dabei, widerstandsf\u00e4higer, effizienter und innovativer zu werden.<\/p>\n                        <\/div>\n                    <\/div>\n                                    <div class=\"mission\" data-aos=\"fade-in\">\n                        <h3>Unsere Vision<\/h3>\n                        <div class=\"copy\">\n                            <p>Unser Ziel ist klar: Wir wollen einer der f\u00fchrenden Full-Service-Anbieter f\u00fcr ServiceNow in Europa werden. Der Unterschied liegt im Wie &#8211; starke Beziehungen, nahtlose Zusammenarbeit und dauerhafte L\u00f6sungen. Wachstum bedeutet f\u00fcr uns nachhaltige Wirkung und Partnerschaften, die auf Vertrauen basieren.<\/p>\n<p>Wir verbinden Zuverl\u00e4ssigkeit mit Innovation und echter Partnerschaft. Nutzen KI mit Zuversicht und Kompetenz und holen mehr aus Ihren digitalen Workflows heraus \u2013 geregelt, ergebnisorientiert und auf einer intelligenten Plattform aufgebaut.<\/p>\n                        <\/div>\n                    <\/div>\n                            <\/div>\n        \n                    <div class=\"cta\" data-aos=\"fade-in\">\n                <h3>Wir sind hier, um dir zu helfen, also melden dich bei uns.<\/h3>\n\n                                    <a href=\"\/contact-us\" class=\"btn-arrows\" target=\"\" data-aos=\"fade-in\">\n                        <span>Book a meeting<\/span>\n                    <\/a>\n                            <\/div>\n            <\/div>\n<\/section>","protected":false},"excerpt":{"rendered":"","protected":false},"author":1,"featured_media":0,"parent":0,"menu_order":0,"comment_status":"closed","ping_status":"closed","template":"","meta":{"_acf_changed":false,"ghostkit_customizer_options":"","ghostkit_custom_css":"","ghostkit_custom_js_head":"","ghostkit_custom_js_foot":"","ghostkit_typography":"","footnotes":""},"class_list":["post-582","page","type-page","status-publish","hentry"],"acf":[],"yoast_head":"<!-- This site is optimized with the Yoast SEO plugin v26.1.1 - https:\/\/yoast.com\/wordpress\/plugins\/seo\/ -->\n<title>About - Pulse &amp; Patterns<\/title>\n<meta name=\"robots\" content=\"index, follow, max-snippet:-1, max-image-preview:large, max-video-preview:-1\" \/>\n<link rel=\"canonical\" href=\"https:\/\/pulsepatterns.com\/de\/about\/\" \/>\n<meta property=\"og:locale\" content=\"de_DE\" \/>\n<meta property=\"og:type\" content=\"article\" \/>\n<meta property=\"og:title\" content=\"About - Pulse &amp; Patterns\" \/>\n<meta property=\"og:url\" content=\"https:\/\/pulsepatterns.com\/de\/about\/\" \/>\n<meta property=\"og:site_name\" content=\"Pulse &amp; Patterns\" \/>\n<meta property=\"article:modified_time\" content=\"2025-11-08T16:53:07+00:00\" \/>\n<meta name=\"twitter:card\" content=\"summary_large_image\" \/>\n<meta name=\"twitter:label1\" content=\"Gesch\u00e4tzte Lesezeit\" \/>\n\t<meta name=\"twitter:data1\" content=\"5\u00a0Minuten\" \/>\n<script type=\"application\/ld+json\" class=\"yoast-schema-graph\">{\"@context\":\"https:\/\/schema.org\",\"@graph\":[{\"@type\":\"WebPage\",\"@id\":\"https:\/\/pulsepatterns.com\/de\/about\/\",\"url\":\"https:\/\/pulsepatterns.com\/de\/about\/\",\"name\":\"About - Pulse &amp; Patterns\",\"isPartOf\":{\"@id\":\"https:\/\/pulsepatterns.com\/de\/#website\"},\"datePublished\":\"2025-10-13T09:48:18+00:00\",\"dateModified\":\"2025-11-08T16:53:07+00:00\",\"breadcrumb\":{\"@id\":\"https:\/\/pulsepatterns.com\/de\/about\/#breadcrumb\"},\"inLanguage\":\"de\",\"potentialAction\":[{\"@type\":\"ReadAction\",\"target\":[\"https:\/\/pulsepatterns.com\/de\/about\/\"]}]},{\"@type\":\"BreadcrumbList\",\"@id\":\"https:\/\/pulsepatterns.com\/de\/about\/#breadcrumb\",\"itemListElement\":[{\"@type\":\"ListItem\",\"position\":1,\"name\":\"Home\",\"item\":\"https:\/\/pulsepatterns.com\/de\/\"},{\"@type\":\"ListItem\",\"position\":2,\"name\":\"About\"}]},{\"@type\":\"WebSite\",\"@id\":\"https:\/\/pulsepatterns.com\/de\/#website\",\"url\":\"https:\/\/pulsepatterns.com\/de\/\",\"name\":\"Pulse &amp; Patterns\",\"description\":\"\",\"potentialAction\":[{\"@type\":\"SearchAction\",\"target\":{\"@type\":\"EntryPoint\",\"urlTemplate\":\"https:\/\/pulsepatterns.com\/de\/?s={search_term_string}\"},\"query-input\":{\"@type\":\"PropertyValueSpecification\",\"valueRequired\":true,\"valueName\":\"search_term_string\"}}],\"inLanguage\":\"de\"}]}<\/script>\n<!-- \/ Yoast SEO plugin. -->","yoast_head_json":{"title":"About - Pulse &amp; Patterns","robots":{"index":"index","follow":"follow","max-snippet":"max-snippet:-1","max-image-preview":"max-image-preview:large","max-video-preview":"max-video-preview:-1"},"canonical":"https:\/\/pulsepatterns.com\/de\/about\/","og_locale":"de_DE","og_type":"article","og_title":"About - Pulse &amp; Patterns","og_url":"https:\/\/pulsepatterns.com\/de\/about\/","og_site_name":"Pulse &amp; Patterns","article_modified_time":"2025-11-08T16:53:07+00:00","twitter_card":"summary_large_image","twitter_misc":{"Gesch\u00e4tzte Lesezeit":"5\u00a0Minuten"},"schema":{"@context":"https:\/\/schema.org","@graph":[{"@type":"WebPage","@id":"https:\/\/pulsepatterns.com\/de\/about\/","url":"https:\/\/pulsepatterns.com\/de\/about\/","name":"About - Pulse &amp; Patterns","isPartOf":{"@id":"https:\/\/pulsepatterns.com\/de\/#website"},"datePublished":"2025-10-13T09:48:18+00:00","dateModified":"2025-11-08T16:53:07+00:00","breadcrumb":{"@id":"https:\/\/pulsepatterns.com\/de\/about\/#breadcrumb"},"inLanguage":"de","potentialAction":[{"@type":"ReadAction","target":["https:\/\/pulsepatterns.com\/de\/about\/"]}]},{"@type":"BreadcrumbList","@id":"https:\/\/pulsepatterns.com\/de\/about\/#breadcrumb","itemListElement":[{"@type":"ListItem","position":1,"name":"Home","item":"https:\/\/pulsepatterns.com\/de\/"},{"@type":"ListItem","position":2,"name":"About"}]},{"@type":"WebSite","@id":"https:\/\/pulsepatterns.com\/de\/#website","url":"https:\/\/pulsepatterns.com\/de\/","name":"Pulse &amp; Patterns","description":"","potentialAction":[{"@type":"SearchAction","target":{"@type":"EntryPoint","urlTemplate":"https:\/\/pulsepatterns.com\/de\/?s={search_term_string}"},"query-input":{"@type":"PropertyValueSpecification","valueRequired":true,"valueName":"search_term_string"}}],"inLanguage":"de"}]}},"_links":{"self":[{"href":"https:\/\/pulsepatterns.com\/de\/wp-json\/wp\/v2\/pages\/582","targetHints":{"allow":["GET"]}}],"collection":[{"href":"https:\/\/pulsepatterns.com\/de\/wp-json\/wp\/v2\/pages"}],"about":[{"href":"https:\/\/pulsepatterns.com\/de\/wp-json\/wp\/v2\/types\/page"}],"author":[{"embeddable":true,"href":"https:\/\/pulsepatterns.com\/de\/wp-json\/wp\/v2\/users\/1"}],"replies":[{"embeddable":true,"href":"https:\/\/pulsepatterns.com\/de\/wp-json\/wp\/v2\/comments?post=582"}],"version-history":[{"count":9,"href":"https:\/\/pulsepatterns.com\/de\/wp-json\/wp\/v2\/pages\/582\/revisions"}],"predecessor-version":[{"id":835,"href":"https:\/\/pulsepatterns.com\/de\/wp-json\/wp\/v2\/pages\/582\/revisions\/835"}],"wp:attachment":[{"href":"https:\/\/pulsepatterns.com\/de\/wp-json\/wp\/v2\/media?parent=582"}],"curies":[{"name":"wp","href":"https:\/\/api.w.org\/{rel}","templated":true}]}}